{"id":32,"date":"2018-05-08T18:31:35","date_gmt":"2018-05-08T18:31:35","guid":{"rendered":"http:\/\/camaramoipora.go.gov.br\/?page_id=32"},"modified":"2023-11-18T12:52:58","modified_gmt":"2023-11-18T12:52:58","slug":"contato","status":"publish","type":"page","link":"https:\/\/camarasantafedegoias.go.gov.br\/site\/contato\/","title":{"rendered":"CONTATO"},"content":{"rendered":"<div id=\"dslc-theme-content\"><div id=\"dslc-theme-content-inner\"><table style=\"width: 594px; height: 203px;\">\n<tbody>\n<tr>\n<td style=\"width: 584px;\"><strong><span style=\"font-size: 14pt;\">C\u00e2mara Municipal de Santa F\u00e9 de Goi\u00e1s<br \/>\n<\/span><\/strong><\/p>\n<p><span style=\"font-size: 14pt;\">rua lorival de oliveira lobo <\/span><\/p>\n<p><span style=\"font-size: 14pt;\">qd 09 lt 01 &#8211; setor residencial boa vista<\/span><\/p>\n<p><span style=\"font-size: 14pt;\">Santa F\u00e9 de Goi\u00e1s<br \/>\n<\/span><\/p>\n<p><span style=\"font-size: 14pt;\">CEP: 76265-000<\/span><\/p>\n<p><span style=\"font-size: 14pt;\">Telefone: <span class=\"aCOpRe\">(62) 3385-1225<\/span><\/span><\/p>\n<p>E-mail: deivianaalves@outlook.com<\/td>\n<\/tr>\n<\/tbody>\n<\/table>\n<\/div><\/div>","protected":false},"excerpt":{"rendered":"<p>C\u00e2mara Municipal de Santa F\u00e9 de Goi\u00e1s rua lorival de oliveira lobo qd 09 lt..<\/p>\n","protected":false},"author":1,"featured_media":0,"parent":0,"menu_order":0,"comment_status":"closed","ping_status":"closed","template":"","meta":{"footnotes":""},"class_list":["post-32","page","type-page","status-publish","hentry"],"_links":{"self":[{"href":"https:\/\/camarasantafedegoias.go.gov.br\/site\/wp-json\/wp\/v2\/pages\/32","targetHints":{"allow":["GET"]}}],"collection":[{"href":"https:\/\/camarasantafedegoias.go.gov.br\/site\/wp-json\/wp\/v2\/pages"}],"about":[{"href":"https:\/\/camarasantafedegoias.go.gov.br\/site\/wp-json\/wp\/v2\/types\/page"}],"author":[{"embeddable":true,"href":"https:\/\/camarasantafedegoias.go.gov.br\/site\/wp-json\/wp\/v2\/users\/1"}],"replies":[{"embeddable":true,"href":"https:\/\/camarasantafedegoias.go.gov.br\/site\/wp-json\/wp\/v2\/comments?post=32"}],"version-history":[{"count":11,"href":"https:\/\/camarasantafedegoias.go.gov.br\/site\/wp-json\/wp\/v2\/pages\/32\/revisions"}],"predecessor-version":[{"id":1387,"href":"https:\/\/camarasantafedegoias.go.gov.br\/site\/wp-json\/wp\/v2\/pages\/32\/revisions\/1387"}],"wp:attachment":[{"href":"https:\/\/camarasantafedegoias.go.gov.br\/site\/wp-json\/wp\/v2\/media?parent=32"}],"curies":[{"name":"wp","href":"https:\/\/api.w.org\/{rel}","templated":true}]}}