{"id":1216,"date":"2021-08-11T14:27:01","date_gmt":"2021-08-11T14:27:01","guid":{"rendered":"https:\/\/camarasantafedegoias.go.gov.br\/site\/?page_id=1216"},"modified":"2025-05-28T12:57:26","modified_gmt":"2025-05-28T12:57:26","slug":"estrutura-organizacional","status":"publish","type":"page","link":"https:\/\/camarasantafedegoias.go.gov.br\/site\/estrutura-organizacional\/","title":{"rendered":"ESTRUTURA ORGANIZACIONAL"},"content":{"rendered":"<div id=\"dslc-theme-content\"><div id=\"dslc-theme-content-inner\">\n<p><a href=\"https:\/\/www.camaramatrincha.go.gov.br\/2019\/01\/24\/estrutura-organizacional\/#respond\" target=\"_blank\" rel=\"noopener\"><\/a><strong>C\u00e2mara Santa F\u00e9 de Goi\u00e1s<\/strong><\/p>\n\n\n\n<p>Endere\u00e7o: Rua Lorival de Oliveira Lobo qd 09 lt 01 &#8211; Setor residencial boa vista \u2013 Santa F\u00e9 de Goi\u00e1s &#8211; Telefone: (62) 3385-1225<\/p>\n\n\n\n<p>E-mail: deivianaalves@outlook.com<\/p>\n\n\n\n<p>Salvo exce\u00e7\u00f5es definidas em portarias especiais<br>Hor\u00e1rio de Funcionamento: Segunda a Sexta das 08h \u00e0s 11h e &nbsp;das 13h \u00e0s 17h.<\/p>\n\n\n\n<p><strong>Presid\u00eancia<\/strong><\/p>\n\n\n\n<p>presidente welden vice pedro, marcia primeira secret\u00e1ria, oliveira segundo secret\u00e1rio<\/p>\n\n\n\n<p>Presidente:<strong>\u00a0WENDEL NERY DE SOUZA<\/strong><\/p>\n\n\n\n<p><strong>Compet\u00eancias<\/strong><\/p>\n\n\n\n<p>Art. 28&nbsp;\u2013 O Presidente \u00e9 o representante legal da C\u00e2mara nas suas\nrela\u00e7\u00f5es externas, cabendo-lhe al\u00e9m das atribui\u00e7\u00f5es previstas no Art. 15, da\nLei Org\u00e2nica do Munic\u00edpio, as fun\u00e7\u00f5es administrativa e diretiva das atividades\ninternas, competindo-lhe previamente:<\/p>\n\n\n\n<p>I \u2013 Quanto \u00e0s atividades legislativas:<\/p>\n\n\n\n<p>a) Determinar, por requerimento do autor, a retirada de proposi\u00e7\u00e3o ainda\nn\u00e3o inclu\u00edda na ordem do dia;<\/p>\n\n\n\n<p>b) Recusar recebimento e substitutivos ou emendas que n\u00e3o sejam\npertinentes as proposi\u00e7\u00f5es iniciais;<\/p>\n\n\n\n<p>c) Declarar prejudicada a proposi\u00e7\u00e3o, em face de rejei\u00e7\u00e3o ou aprova\u00e7\u00e3o\nde outra com o mesmo objetivo;<\/p>\n\n\n\n<p>d) Fazer publicar os atos da Mesa e da Presid\u00eancia, Portarias, bem como\nas Resolu\u00e7\u00f5es, Decretos Legislativos e as Leis que tiver promulgado.<\/p>\n\n\n\n<p><strong>Vice-Presid\u00eancia<\/strong><\/p>\n\n\n\n<p>Vice-Presidente<strong>: PEDRO JOS\u00c9 VELUZ DA SILVA<\/strong><\/p>\n\n\n\n<p><strong>Compet\u00eancias<\/strong><\/p>\n\n\n\n<p>Art. 29&nbsp;\u2013 O Vice-Presidente substituir\u00e1 o Presidente em seus\nimpedimentos ou em caso da vaga.<\/p>\n\n\n\n<p>Par\u00e1grafo 1\u00b0 \u2013 Sempre que o Presidente n\u00e3o se achar no recinto na hora\nregimental do in\u00edcio dos trabalhos, o Vice-Presidente substitui-lo-\u00e1 no\ndesempenho de suas fun\u00e7\u00f5es, cedendo-lhe o lugar que for dele presente.&nbsp;<\/p>\n\n\n\n<p>Par\u00e1grafo 2\u00b0 \u2013 Da mesma forma substituir\u00e1 o Presidente, quando este\ntiver de deixar a Presid\u00eancia durante a sess\u00e3o.<\/p>\n\n\n\n<p>Art. 30&nbsp;\u2013 Competir\u00e1 ainda ao Vice-Presidente desempenhar as\natribui\u00e7\u00f5es do Presidente, quando este lhe transmitir o exerc\u00edcio do cargo por\nestar licenciado.<\/p>\n\n\n\n<p><strong>1\u00b0 Secret\u00e1rio<\/strong><\/p>\n\n\n\n<p>Secret\u00e1rio<strong>:<\/strong> <strong>MARCIA CAETANO<\/strong><\/p>\n\n\n\n<p><strong>Compet\u00eancias<\/strong><\/p>\n\n\n\n<p>Art. 31&nbsp;\u2013 Compete ao 1\u00b0 Secret\u00e1rio:<\/p>\n\n\n\n<p>I \u2013 Constatar a presen\u00e7a dos Vereadores ao se abrir a sess\u00e3o,\nconfrontando-a com o livro de presen\u00e7a, anotando os que compareceram e os que\nfaltaram, com causa justificada ou n\u00e3o, e consignar outras ocorr\u00eancias sobre o\nassunto, assim como encerrar o referido livro, ao final da sess\u00e3o;<\/p>\n\n\n\n<p>II \u2013 Fazer a chamada dos Vereadores, nas ocasi\u00f5es determinadas pelo\nPresidente;<\/p>\n\n\n\n<p>III \u2013 Ler a ata e a mat\u00e9ria do expediente, bem como as proposi\u00e7\u00f5es e\ndemais pap\u00e9is que devem ser do conhecimento do plen\u00e1rio;<\/p>\n\n\n\n<p>IV \u2013 Fazer a inscri\u00e7\u00e3o de oradores;<\/p>\n\n\n\n<p>V \u2013 Redigir ou superintender a reda\u00e7\u00e3o da ata, resumindo os trabalhos da\nsess\u00e3o, assinando-a juntamente com o Presidente e o segundo Secret\u00e1rio;<\/p>\n\n\n\n<p>VI \u2013 Assinar, com Presidente e o 2\u00b0 Secret\u00e1rio, os atos da Mesa e os\naut\u00f3grafos destinados \u00e0 san\u00e7\u00e3o;<\/p>\n\n\n\n<p>VII \u2013 Auxiliar a presid\u00eancia na inspe\u00e7\u00e3o dos servi\u00e7os da secretaria a na\nobserv\u00e2ncia deste regimento.<\/p>\n\n\n\n<p><strong>2\u00b0 Secret\u00e1rio<\/strong><\/p>\n\n\n\n<p>Secret\u00e1rio:<strong> Oliveira Ferreira da Silva.<\/strong><\/p>\n\n\n\n<p><strong>Compet\u00eancias<\/strong><\/p>\n\n\n\n<p>Art. 32&nbsp;\u2013 Compete ao 2\u00b0 Secret\u00e1rio:<\/p>\n\n\n\n<p>I \u2013 Assinar, juntamente com o Presidente e o 1\u00b0 Secret\u00e1rio, os atos da\nMesa, as atas das sess\u00f5es e aut\u00f3grafos destinados a san\u00e7\u00e3o;<\/p>\n\n\n\n<p>II \u2013 Substituir o 1\u00b0 Secret\u00e1rio nas suas aus\u00eancias, licen\u00e7as e\nimpedimentos.<\/p>\n\n\n\n<p><strong>Controle Interno<\/strong><\/p>\n\n\n\n<p><strong>Tesoureira\/secret\u00e1ria: Deiviana da Silva Sousa Alves<\/strong><\/p>\n\n\n\n<p><strong>Telefone:<\/strong> (62) 3385-1225<\/p>\n\n\n\n<p><strong>E-mail:<\/strong> deivianaalves@outlook.com<\/p>\n\n\n\n<p><strong>Compet\u00eancias<\/strong><\/p>\n\n\n\n<p>Art. 56\u00ba \u2013 A Fiscaliza\u00e7\u00e3o Cont\u00e1bil, Financeira e Or\u00e7ament\u00e1ria do Munic\u00edpio\nser\u00e1 exercida pela C\u00e2mara Municipal, mediante controle externo e pelos sistemas\nde controle internos do Executivo institu\u00eddos em lei.\n\nPar\u00e1grafo Primeiro: O\ncontrole interno da C\u00e2mara ser\u00e1 exercido com o aux\u00edlio do Tribunal de Contas\ndos Munic\u00edpios e compreender\u00e1 a aprecia\u00e7\u00e3o das Contas do prefeito e da Mesa da\nC\u00e2mara, o acompanhamento das atividades financeiras e or\u00e7ament\u00e1rias do\nMunic\u00edpio, o desempenho das fun\u00e7\u00f5es da autoria financeira e or\u00e7ament\u00e1ria, bem\ncomo julgamento das contas dos administradores e demais respons\u00e1veis por bens e\nvalores p\u00fablicos.\n\n\n\n<\/p>\n<\/div><\/div>","protected":false},"excerpt":{"rendered":"<p>C\u00e2mara Santa F\u00e9 de Goi\u00e1s Endere\u00e7o: Rua Lorival de Oliveira Lobo qd 09 lt 01..<\/p>\n","protected":false},"author":1,"featured_media":0,"parent":0,"menu_order":0,"comment_status":"closed","ping_status":"closed","template":"","meta":{"footnotes":""},"class_list":["post-1216","page","type-page","status-publish","hentry"],"_links":{"self":[{"href":"https:\/\/camarasantafedegoias.go.gov.br\/site\/wp-json\/wp\/v2\/pages\/1216","targetHints":{"allow":["GET"]}}],"collection":[{"href":"https:\/\/camarasantafedegoias.go.gov.br\/site\/wp-json\/wp\/v2\/pages"}],"about":[{"href":"https:\/\/camarasantafedegoias.go.gov.br\/site\/wp-json\/wp\/v2\/types\/page"}],"author":[{"embeddable":true,"href":"https:\/\/camarasantafedegoias.go.gov.br\/site\/wp-json\/wp\/v2\/users\/1"}],"replies":[{"embeddable":true,"href":"https:\/\/camarasantafedegoias.go.gov.br\/site\/wp-json\/wp\/v2\/comments?post=1216"}],"version-history":[{"count":3,"href":"https:\/\/camarasantafedegoias.go.gov.br\/site\/wp-json\/wp\/v2\/pages\/1216\/revisions"}],"predecessor-version":[{"id":1782,"href":"https:\/\/camarasantafedegoias.go.gov.br\/site\/wp-json\/wp\/v2\/pages\/1216\/revisions\/1782"}],"wp:attachment":[{"href":"https:\/\/camarasantafedegoias.go.gov.br\/site\/wp-json\/wp\/v2\/media?parent=1216"}],"curies":[{"name":"wp","href":"https:\/\/api.w.org\/{rel}","templated":true}]}}