{"id":12,"date":"2018-05-08T16:51:37","date_gmt":"2018-05-08T16:51:37","guid":{"rendered":"http:\/\/camaramoipora.go.gov.br\/?page_id=12"},"modified":"2023-11-18T12:51:04","modified_gmt":"2023-11-18T12:51:04","slug":"a-camara","status":"publish","type":"page","link":"https:\/\/camarasantafedegoias.go.gov.br\/site\/a-camara\/","title":{"rendered":"A C\u00c2MARA"},"content":{"rendered":"<div id=\"dslc-theme-content\"><div id=\"dslc-theme-content-inner\"><hr \/>\n<p>C\u00c2MARA MUNICIPAL DE SANTA F\u00c9 DE GOI\u00c1S<\/p>\n<p>Atendimento de Segunda-feira a Sexta-feira das 8:00 h \u00e0s 11:00 h e 13:00 \u00e0s 17:00 h<\/p>\n<p>AS SESS\u00d5ES ACONTECEM 5 DIAS CONSECUTIVOS POR M\u00caS, COM DATAS DEFINIDAS PELO PRESIDENTE. SEMPRE \u00c0S 19 HORAS.<\/p>\n<p>Telefone: <span class=\"aCOpRe\">(62) 3385-1225<\/span><\/p>\n<p>E-mail: deivianaalves@outlook.com<\/p>\n<hr \/>\n<\/div><\/div>","protected":false},"excerpt":{"rendered":"<p>C\u00c2MARA MUNICIPAL DE SANTA F\u00c9 DE GOI\u00c1S Atendimento de Segunda-feira a Sexta-feira das 8:00 h..<\/p>\n","protected":false},"author":1,"featured_media":0,"parent":0,"menu_order":0,"comment_status":"closed","ping_status":"closed","template":"","meta":{"footnotes":""},"class_list":["post-12","page","type-page","status-publish","hentry"],"_links":{"self":[{"href":"https:\/\/camarasantafedegoias.go.gov.br\/site\/wp-json\/wp\/v2\/pages\/12","targetHints":{"allow":["GET"]}}],"collection":[{"href":"https:\/\/camarasantafedegoias.go.gov.br\/site\/wp-json\/wp\/v2\/pages"}],"about":[{"href":"https:\/\/camarasantafedegoias.go.gov.br\/site\/wp-json\/wp\/v2\/types\/page"}],"author":[{"embeddable":true,"href":"https:\/\/camarasantafedegoias.go.gov.br\/site\/wp-json\/wp\/v2\/users\/1"}],"replies":[{"embeddable":true,"href":"https:\/\/camarasantafedegoias.go.gov.br\/site\/wp-json\/wp\/v2\/comments?post=12"}],"version-history":[{"count":6,"href":"https:\/\/camarasantafedegoias.go.gov.br\/site\/wp-json\/wp\/v2\/pages\/12\/revisions"}],"predecessor-version":[{"id":1385,"href":"https:\/\/camarasantafedegoias.go.gov.br\/site\/wp-json\/wp\/v2\/pages\/12\/revisions\/1385"}],"wp:attachment":[{"href":"https:\/\/camarasantafedegoias.go.gov.br\/site\/wp-json\/wp\/v2\/media?parent=12"}],"curies":[{"name":"wp","href":"https:\/\/api.w.org\/{rel}","templated":true}]}}