{"id":1144,"date":"2021-03-19T05:14:44","date_gmt":"2021-03-19T05:14:44","guid":{"rendered":"https:\/\/camarasantafedegoias.go.gov.br\/site\/?page_id=1144"},"modified":"2026-04-10T15:07:20","modified_gmt":"2026-04-10T15:07:20","slug":"projetos-de-lei","status":"publish","type":"page","link":"https:\/\/camarasantafedegoias.go.gov.br\/site\/projetos-de-lei\/","title":{"rendered":"Projetos de lei"},"content":{"rendered":"<div id=\"dslc-theme-content\"><div id=\"dslc-theme-content-inner\">\n<div class=\"wp-block-file\"><a id=\"wp-block-file--media-302df8da-42cb-40cd-872e-2b221d214b08\" href=\"https:\/\/camarasantafedegoias.go.gov.br\/site\/wp-content\/uploads\/2021\/12\/CamScanner-12-17-2021-15.20.pdf\"> Projeto de Lei para constru\u00e7\u00e3o de letreiro (VERS\u00c3O SUBSCRITA) <\/a><a href=\"https:\/\/camarasantafedegoias.go.gov.br\/site\/wp-content\/uploads\/2021\/12\/CamScanner-12-17-2021-15.20.pdf\" class=\"wp-block-file__button wp-element-button\" download aria-describedby=\"wp-block-file--media-302df8da-42cb-40cd-872e-2b221d214b08\">BAIXAR<\/a><\/div>\n\n\n\n<div class=\"wp-block-file\"><a id=\"wp-block-file--media-1b08cf4d-4ed4-482e-acef-ab84930da12f\" href=\"https:\/\/camarasantafedegoias.go.gov.br\/site\/wp-content\/uploads\/2021\/12\/CamScanner-12-17-2021-13.28.pdf\">Projeto de Lei para constru\u00e7\u00e3o de letreiro<\/a><a href=\"https:\/\/camarasantafedegoias.go.gov.br\/site\/wp-content\/uploads\/2021\/12\/CamScanner-12-17-2021-13.28.pdf\" class=\"wp-block-file__button wp-element-button\" download aria-describedby=\"wp-block-file--media-1b08cf4d-4ed4-482e-acef-ab84930da12f\">BAIXAR<\/a><\/div>\n\n\n\n<div class=\"wp-block-file\"><a id=\"wp-block-file--media-d2f8553b-0e1f-4683-810e-f845f0349946\" href=\"https:\/\/camarasantafedegoias.go.gov.br\/site\/wp-content\/uploads\/2021\/09\/PROJETO-DE-LEI-610-1.pdf\">PROJETO DE LEI 610 (APROVADO)<\/a><a href=\"https:\/\/camarasantafedegoias.go.gov.br\/site\/wp-content\/uploads\/2021\/09\/PROJETO-DE-LEI-610-1.pdf\" class=\"wp-block-file__button wp-element-button\" download aria-describedby=\"wp-block-file--media-d2f8553b-0e1f-4683-810e-f845f0349946\">BAIXAR<\/a><\/div>\n\n\n\n<div class=\"wp-block-file\"><a id=\"wp-block-file--media-3032a208-85a5-47d4-8914-1227a620df6a\" href=\"https:\/\/camarasantafedegoias.go.gov.br\/site\/wp-content\/uploads\/2021\/08\/PROJETO-DE-LEI-610.pdf\">PROJETO DE LEI 610<\/a><a href=\"https:\/\/camarasantafedegoias.go.gov.br\/site\/wp-content\/uploads\/2021\/08\/PROJETO-DE-LEI-610.pdf\" class=\"wp-block-file__button wp-element-button\" download aria-describedby=\"wp-block-file--media-3032a208-85a5-47d4-8914-1227a620df6a\">BAIXAR<\/a><\/div>\n\n\n\n<div class=\"wp-block-file\"><a id=\"wp-block-file--media-dca82758-b19d-44df-9027-7e2a2c4071ee\" href=\"https:\/\/camarasantafedegoias.go.gov.br\/site\/wp-content\/uploads\/2021\/08\/PROJETO-DE-LEI609.pdf\">PROJETO DE LEI-609<\/a><a href=\"https:\/\/camarasantafedegoias.go.gov.br\/site\/wp-content\/uploads\/2021\/08\/PROJETO-DE-LEI609.pdf\" class=\"wp-block-file__button wp-element-button\" download aria-describedby=\"wp-block-file--media-dca82758-b19d-44df-9027-7e2a2c4071ee\">BAIXAR<\/a><\/div>\n\n\n\n<div class=\"wp-block-file\"><a id=\"wp-block-file--media-e23d4bdd-1925-4a62-94a8-d07fb5d5a719\" href=\"https:\/\/camarasantafedegoias.go.gov.br\/site\/wp-content\/uploads\/2021\/03\/PROJETO-DE-LEI-N\u00daMERO-607.pdf\">PROJETO-DE-LEI-607<\/a><a href=\"https:\/\/camarasantafedegoias.go.gov.br\/site\/wp-content\/uploads\/2021\/03\/PROJETO-DE-LEI-N\u00daMERO-607.pdf\" class=\"wp-block-file__button wp-element-button\" download aria-describedby=\"wp-block-file--media-e23d4bdd-1925-4a62-94a8-d07fb5d5a719\">BAIXAR<\/a><\/div>\n\n\n\n<div class=\"wp-block-file\"><a id=\"wp-block-file--media-9133d4a3-a682-4d64-bc2f-bf037ac4352d\" href=\"https:\/\/camarasantafedegoias.go.gov.br\/site\/wp-content\/uploads\/2021\/03\/PROJETO-DE-LEI-606.pdf\">PROJETO-DE-LEI-606<\/a><a href=\"https:\/\/camarasantafedegoias.go.gov.br\/site\/wp-content\/uploads\/2021\/03\/PROJETO-DE-LEI-606.pdf\" class=\"wp-block-file__button wp-element-button\" download aria-describedby=\"wp-block-file--media-9133d4a3-a682-4d64-bc2f-bf037ac4352d\">BAIXAR<\/a><\/div>\n\n\n\n<div class=\"wp-block-file\"><a id=\"wp-block-file--media-864886fb-e47a-490a-846c-d88912a51a1f\" href=\"https:\/\/camarasantafedegoias.go.gov.br\/site\/wp-content\/uploads\/2021\/03\/PROJETO-DE-LEI-602.pdf\">PROJETO-DE-LEI-602<\/a><a href=\"https:\/\/camarasantafedegoias.go.gov.br\/site\/wp-content\/uploads\/2021\/03\/PROJETO-DE-LEI-602.pdf\" class=\"wp-block-file__button wp-element-button\" download aria-describedby=\"wp-block-file--media-864886fb-e47a-490a-846c-d88912a51a1f\">BAIXAR<\/a><\/div>\n\n\n\n<p><\/p>\n\n\n\n<div data-wp-interactive=\"core\/file\" class=\"wp-block-file\"><object data-wp-bind--hidden=\"!state.hasPdfPreview\" hidden class=\"wp-block-file__embed\" data=\"https:\/\/camarasantafedegoias.go.gov.br\/site\/wp-content\/uploads\/2023\/02\/PROJETO629.pdf\" type=\"application\/pdf\" style=\"width:100%;height:600px\" aria-label=\"Incorpora\u00e7\u00e3o de PROJETO629.\"><\/object><a id=\"wp-block-file--media-4580fa56-f905-47a7-b395-9fb3cdf266b3\" href=\"https:\/\/camarasantafedegoias.go.gov.br\/site\/wp-content\/uploads\/2023\/02\/PROJETO629.pdf\">PROJETO629<\/a><a href=\"https:\/\/camarasantafedegoias.go.gov.br\/site\/wp-content\/uploads\/2023\/02\/PROJETO629.pdf\" class=\"wp-block-file__button wp-element-button\" download aria-describedby=\"wp-block-file--media-4580fa56-f905-47a7-b395-9fb3cdf266b3\">Baixar<\/a><\/div>\n\n\n\n<div data-wp-interactive=\"core\/file\" class=\"wp-block-file\"><object data-wp-bind--hidden=\"!state.hasPdfPreview\" hidden class=\"wp-block-file__embed\" data=\"https:\/\/camarasantafedegoias.go.gov.br\/site\/wp-content\/uploads\/2023\/02\/projeto-630.pdf\" type=\"application\/pdf\" style=\"width:100%;height:600px\" aria-label=\"Incorpora\u00e7\u00e3o de projeto-630.\"><\/object><a id=\"wp-block-file--media-64536d94-8ed5-427b-be2e-ec6fc2431803\" href=\"https:\/\/camarasantafedegoias.go.gov.br\/site\/wp-content\/uploads\/2023\/02\/projeto-630.pdf\">projeto-630<\/a><a href=\"https:\/\/camarasantafedegoias.go.gov.br\/site\/wp-content\/uploads\/2023\/02\/projeto-630.pdf\" class=\"wp-block-file__button wp-element-button\" download aria-describedby=\"wp-block-file--media-64536d94-8ed5-427b-be2e-ec6fc2431803\">Baixar<\/a><\/div>\n\n\n\n<div data-wp-interactive=\"core\/file\" class=\"wp-block-file\"><object data-wp-bind--hidden=\"!state.hasPdfPreview\" hidden class=\"wp-block-file__embed\" data=\"https:\/\/camarasantafedegoias.go.gov.br\/site\/wp-content\/uploads\/2023\/02\/PROJETO-631.pdf\" type=\"application\/pdf\" style=\"width:100%;height:600px\" aria-label=\"Incorpora\u00e7\u00e3o de PROJETO-631.\"><\/object><a id=\"wp-block-file--media-62e2660b-3f69-4eae-a1a8-24de5ca4f1a7\" href=\"https:\/\/camarasantafedegoias.go.gov.br\/site\/wp-content\/uploads\/2023\/02\/PROJETO-631.pdf\">PROJETO-631<\/a><a href=\"https:\/\/camarasantafedegoias.go.gov.br\/site\/wp-content\/uploads\/2023\/02\/PROJETO-631.pdf\" class=\"wp-block-file__button wp-element-button\" download aria-describedby=\"wp-block-file--media-62e2660b-3f69-4eae-a1a8-24de5ca4f1a7\">Descarregar<\/a><\/div>\n\n\n\n<div data-wp-interactive=\"core\/file\" class=\"wp-block-file\"><object data-wp-bind--hidden=\"!state.hasPdfPreview\" hidden class=\"wp-block-file__embed\" data=\"https:\/\/camarasantafedegoias.go.gov.br\/site\/wp-content\/uploads\/2023\/02\/projeto-reajuste.pdf\" type=\"application\/pdf\" style=\"width:100%;height:600px\" aria-label=\"Incorpora\u00e7\u00e3o de projeto-reajuste.\"><\/object><a id=\"wp-block-file--media-2ff43dc5-ef46-4268-9473-c33dbaedfd0f\" href=\"https:\/\/camarasantafedegoias.go.gov.br\/site\/wp-content\/uploads\/2023\/02\/projeto-reajuste.pdf\">projeto-reajuste<\/a><a href=\"https:\/\/camarasantafedegoias.go.gov.br\/site\/wp-content\/uploads\/2023\/02\/projeto-reajuste.pdf\" class=\"wp-block-file__button wp-element-button\" download aria-describedby=\"wp-block-file--media-2ff43dc5-ef46-4268-9473-c33dbaedfd0f\">Baixar<\/a><\/div>\n\n\n\n<div data-wp-interactive=\"core\/file\" class=\"wp-block-file\"><object data-wp-bind--hidden=\"!state.hasPdfPreview\" hidden class=\"wp-block-file__embed\" data=\"https:\/\/camarasantafedegoias.go.gov.br\/site\/wp-content\/uploads\/2023\/02\/LEI-632.pdf\" type=\"application\/pdf\" style=\"width:100%;height:600px\" aria-label=\"Incorpora\u00e7\u00e3o de LEI do reajuste 632.\"><\/object><a id=\"wp-block-file--media-501d8dc3-dcb9-47d7-9f2c-cb3c13523fed\" href=\"https:\/\/camarasantafedegoias.go.gov.br\/site\/wp-content\/uploads\/2023\/02\/LEI-632.pdf\">LEI do reajuste 632<\/a><a href=\"https:\/\/camarasantafedegoias.go.gov.br\/site\/wp-content\/uploads\/2023\/02\/LEI-632.pdf\" class=\"wp-block-file__button wp-element-button\" download aria-describedby=\"wp-block-file--media-501d8dc3-dcb9-47d7-9f2c-cb3c13523fed\">Baixar<\/a><\/div>\n\n\n\n<div data-wp-interactive=\"core\/file\" class=\"wp-block-file\"><object data-wp-bind--hidden=\"!state.hasPdfPreview\" hidden class=\"wp-block-file__embed\" data=\"https:\/\/camarasantafedegoias.go.gov.br\/site\/wp-content\/uploads\/2023\/05\/PROJETO-636.pdf\" type=\"application\/pdf\" style=\"width:100%;height:600px\" aria-label=\"Incorpora\u00e7\u00e3o de PROJETO-636.\"><\/object><a id=\"wp-block-file--media-c0f27589-f13c-4523-b18f-233b4bc2a90d\" href=\"https:\/\/camarasantafedegoias.go.gov.br\/site\/wp-content\/uploads\/2023\/05\/PROJETO-636.pdf\">PROJETO-636<\/a><a href=\"https:\/\/camarasantafedegoias.go.gov.br\/site\/wp-content\/uploads\/2023\/05\/PROJETO-636.pdf\" class=\"wp-block-file__button wp-element-button\" download aria-describedby=\"wp-block-file--media-c0f27589-f13c-4523-b18f-233b4bc2a90d\">Baixar<\/a><\/div>\n\n\n\n<div data-wp-interactive=\"core\/file\" class=\"wp-block-file\"><object data-wp-bind--hidden=\"!state.hasPdfPreview\" hidden class=\"wp-block-file__embed\" data=\"https:\/\/camarasantafedegoias.go.gov.br\/site\/wp-content\/uploads\/2023\/05\/PROJETO-637.pdf\" type=\"application\/pdf\" style=\"width:100%;height:600px\" aria-label=\"Incorpora\u00e7\u00e3o de PROJETO-637.\"><\/object><a id=\"wp-block-file--media-21cdc230-488d-40f5-b326-77998610585b\" href=\"https:\/\/camarasantafedegoias.go.gov.br\/site\/wp-content\/uploads\/2023\/05\/PROJETO-637.pdf\">PROJETO-637<\/a><a href=\"https:\/\/camarasantafedegoias.go.gov.br\/site\/wp-content\/uploads\/2023\/05\/PROJETO-637.pdf\" class=\"wp-block-file__button wp-element-button\" download aria-describedby=\"wp-block-file--media-21cdc230-488d-40f5-b326-77998610585b\">Baixar<\/a><\/div>\n\n\n\n<div data-wp-interactive=\"core\/file\" class=\"wp-block-file\"><object data-wp-bind--hidden=\"!state.hasPdfPreview\" hidden class=\"wp-block-file__embed\" data=\"https:\/\/camarasantafedegoias.go.gov.br\/site\/wp-content\/uploads\/2023\/11\/projeto-641.pdf\" type=\"application\/pdf\" style=\"width:100%;height:600px\" aria-label=\"Incorpora\u00e7\u00e3o de projeto-641.\"><\/object><a id=\"wp-block-file--media-12609280-1bde-41ba-9729-c80aac63c35e\" href=\"https:\/\/camarasantafedegoias.go.gov.br\/site\/wp-content\/uploads\/2023\/11\/projeto-641.pdf\">projeto-641<\/a><a href=\"https:\/\/camarasantafedegoias.go.gov.br\/site\/wp-content\/uploads\/2023\/11\/projeto-641.pdf\" class=\"wp-block-file__button wp-element-button\" download aria-describedby=\"wp-block-file--media-12609280-1bde-41ba-9729-c80aac63c35e\">Baixar<\/a><\/div>\n\n\n\n<div data-wp-interactive=\"core\/file\" class=\"wp-block-file\"><object data-wp-bind--hidden=\"!state.hasPdfPreview\" hidden class=\"wp-block-file__embed\" data=\"https:\/\/camarasantafedegoias.go.gov.br\/site\/wp-content\/uploads\/2023\/11\/projeto-de-lei001.pdf\" type=\"application\/pdf\" style=\"width:100%;height:600px\" aria-label=\"Incorpora\u00e7\u00e3o de projeto-de-lei001.\"><\/object><a id=\"wp-block-file--media-a81bef8b-3ed0-4b26-9683-69586ff03534\" href=\"https:\/\/camarasantafedegoias.go.gov.br\/site\/wp-content\/uploads\/2023\/11\/projeto-de-lei001.pdf\">projeto-de-lei001<\/a><a href=\"https:\/\/camarasantafedegoias.go.gov.br\/site\/wp-content\/uploads\/2023\/11\/projeto-de-lei001.pdf\" class=\"wp-block-file__button wp-element-button\" download aria-describedby=\"wp-block-file--media-a81bef8b-3ed0-4b26-9683-69586ff03534\">Baixar<\/a><\/div>\n\n\n\n<div data-wp-interactive=\"core\/file\" class=\"wp-block-file\"><object data-wp-bind--hidden=\"!state.hasPdfPreview\" hidden class=\"wp-block-file__embed\" data=\"https:\/\/camarasantafedegoias.go.gov.br\/site\/wp-content\/uploads\/2023\/11\/projeto-de-lei639.pdf\" type=\"application\/pdf\" style=\"width:100%;height:600px\" aria-label=\"Incorpora\u00e7\u00e3o de projeto-de-lei639.\"><\/object><a id=\"wp-block-file--media-109cb4a7-65a1-461a-8243-103ec8ce30d2\" href=\"https:\/\/camarasantafedegoias.go.gov.br\/site\/wp-content\/uploads\/2023\/11\/projeto-de-lei639.pdf\">projeto-de-lei639<\/a><a href=\"https:\/\/camarasantafedegoias.go.gov.br\/site\/wp-content\/uploads\/2023\/11\/projeto-de-lei639.pdf\" class=\"wp-block-file__button wp-element-button\" download aria-describedby=\"wp-block-file--media-109cb4a7-65a1-461a-8243-103ec8ce30d2\">Baixar<\/a><\/div>\n\n\n\n<div data-wp-interactive=\"core\/file\" class=\"wp-block-file\"><object data-wp-bind--hidden=\"!state.hasPdfPreview\" hidden class=\"wp-block-file__embed\" data=\"https:\/\/camarasantafedegoias.go.gov.br\/site\/wp-content\/uploads\/2023\/12\/auxilio.pdf\" type=\"application\/pdf\" style=\"width:100%;height:600px\" aria-label=\"Incorpora\u00e7\u00e3o de auxilio.\"><\/object><a id=\"wp-block-file--media-25d6b819-b8b8-4f05-8b28-5ab5e2865654\" href=\"https:\/\/camarasantafedegoias.go.gov.br\/site\/wp-content\/uploads\/2023\/12\/auxilio.pdf\">auxilio<\/a><a href=\"https:\/\/camarasantafedegoias.go.gov.br\/site\/wp-content\/uploads\/2023\/12\/auxilio.pdf\" class=\"wp-block-file__button wp-element-button\" download aria-describedby=\"wp-block-file--media-25d6b819-b8b8-4f05-8b28-5ab5e2865654\">Descarregar<\/a><\/div>\n\n\n\n<p>Projeto de lei 643\/2024 disp\u00f5e sobre recolhimento de entulhos de d\u00e1 outras provid\u00eancias, acesse o texto na \u00edntegra <a href=\"https:\/\/camarasantafedegoias.go.gov.br\/site\/wp-content\/uploads\/2024\/03\/Projeto_643_reprovado.pdf\">clique aqui<\/a> <\/p>\n\n\n\n<p>Altera a lei 644\/23 e d\u00e1 outras provid\u00eancias clique <a href=\"https:\/\/camarasantafedegoias.go.gov.br\/site\/wp-content\/uploads\/2024\/03\/Projeto-001_2024.pdf\">aqui<\/a> para acessar o projeto na integra <br><\/p>\n\n\n\n<p>Aut\u00f3grafo de lei 02\/2024 autoria a c\u00e2mara municipal a afiliar-se a uni\u00e3o das c\u00e2maras e d\u00e1 outras provid\u00eancias clique <a href=\"https:\/\/camarasantafedegoias.go.gov.br\/site\/wp-content\/uploads\/2024\/03\/Projeto-002_2024.pdf\">aqui<\/a> para acessar o projeto na integra <\/p>\n\n\n\n<p>Declara a Festa Nossa Senhora da Guia como patrim\u00f4nio cultural e imaterial clique <a href=\"https:\/\/camarasantafedegoias.go.gov.br\/site\/wp-content\/uploads\/2024\/03\/Projeto-003_2024.pdf\">aqui<\/a> para acessar o projeto na integra.<\/p>\n\n\n\n<p>Acrescenta o artigo 126 a lei org\u00e2nica do munic\u00edpio e disp\u00f5e sobre a execu\u00e7\u00e3o or\u00e7ament\u00e1ria clique <a href=\"https:\/\/camarasantafedegoias.go.gov.br\/site\/wp-content\/uploads\/2024\/03\/Projeto_emenda_0001.pdf\">aqui<\/a> para acessar o projeto na \u00edntegra.<\/p>\n\n\n\n<p>Aut\u00f3grafo de lei 651\/2023, nomeia unidade de sa\u00fade municipal e d\u00e1 outras provid\u00eancias, acesse o texto na \u00edntegra <a href=\"https:\/\/camarasantafedegoias.go.gov.br\/site\/wp-content\/uploads\/2024\/03\/Autografo_Lei_651.pdf\">clique aqui <\/a><\/p>\n\n\n\n<p>Projeto de lei 645\/2024 autoriza repassar os agentes comunit\u00e1rios de sa\u00fade e agentes de endemias incentivo adicional acesse o texto na integra <a href=\"https:\/\/camarasantafedegoias.go.gov.br\/site\/wp-content\/uploads\/2024\/03\/Projeto-645.pdf\">clique aqui<\/a><\/p>\n\n\n\n<p>Projeto de lei 646\/2024, nomeia pr\u00e9dios municipais, acesse o texto na \u00edntegra, <a href=\"https:\/\/camarasantafedegoias.go.gov.br\/site\/wp-content\/uploads\/2024\/03\/Projeto-646.pdf\">clique aqui <\/a><\/p>\n\n\n\n<p>Aut\u00f3grafo de lei n 655\/2024 Altera a lei municipal n 369\/2009 na forma que especifica e d\u00e1 outras providencias cesse o texto na integra <a href=\"https:\/\/camarasantafedegoias.go.gov.br\/site\/wp-content\/uploads\/2024\/06\/Projeto_655_autografo.pdf\">clique aqui<\/a><\/p>\n\n\n\n<p>Parecer da CCJR sobre a lei or\u00e7ament\u00e1ria e d\u00e1 outras provid\u00eancias projeto de lei 653\/2024  acesse o texto na \u00edntegra <a href=\"https:\/\/camarasantafedegoias.go.gov.br\/site\/wp-content\/uploads\/2024\/06\/Projeto_autografo_653.pdf\">clique aqui<\/a> <\/p>\n\n\n\n<p>autografo de lei n 654\/2024 altera as disposi\u00e7\u00f5es dos cargos listados no arquivo e d\u00e1 outras providencias acesse o texto na \u00edntegra <a href=\"https:\/\/camarasantafedegoias.go.gov.br\/site\/wp-content\/uploads\/2024\/06\/Projeto_654_autografo.pdf\">clique aqui<\/a>  <\/p>\n\n\n\n<p>Aut\u00f3grafo de lei n 657\/2024 concede revis\u00e3o geral anual na forma de lei org\u00e2nica municipal acesse o texto na \u00edntegra <a href=\"https:\/\/camarasantafedegoias.go.gov.br\/site\/wp-content\/uploads\/2024\/06\/Projeto_autografo_657.pdf\">clique aqui<\/a>  <\/p>\n\n\n\n<p>Projeto de lei n 660\/2024 revoga a lei municipal 655\/2024 na forma que especifica e d\u00e1 outras providencias, acesse o texto na integra <a href=\"https:\/\/camarasantafedegoias.go.gov.br\/site\/wp-content\/uploads\/2024\/12\/projeto_660.pdf\">clique aqui<\/a><\/p>\n\n\n\n<p>Autografo de lei n 664\/2025 <a href=\"https:\/\/camarasantafedegoias.go.gov.br\/site\/wp-content\/uploads\/2025\/02\/Autografo-Parecer-Projeto-de-Lei-664-2025.pdf\">clique aqui<\/a> e acesse o texto do projeto na integra <\/p>\n\n\n\n<p>Autografo de lei n 665\/2025 <a href=\"https:\/\/camarasantafedegoias.go.gov.br\/site\/wp-content\/uploads\/2025\/02\/Autografo-Parecer-Projeto-de-Lei-665-2025.pdf\">clique aqui<\/a> e acesse o texto do projeto na integra <\/p>\n\n\n\n<p>Autografo de lei n 666\/2025 <a href=\"https:\/\/camarasantafedegoias.go.gov.br\/site\/wp-content\/uploads\/2025\/02\/Autografo-Parecer-Projeto-de-Lei-666-2025.pdf\">clique aqui<\/a> e acesse o texto do projeto na integra <\/p>\n\n\n\n<p>Autografo de lei n 667\/2025 <a href=\"https:\/\/camarasantafedegoias.go.gov.br\/site\/wp-content\/uploads\/2025\/02\/Autografo-Parecer-Projeto-de-Lei-667-2025.pdf\">clique aqui<\/a> e acesse o texto do projeto na integra <\/p>\n\n\n\n<p>Autografo de lei n 669\/2025 <a href=\"https:\/\/camarasantafedegoias.go.gov.br\/site\/wp-content\/uploads\/2025\/03\/Projeto_669.pdf\">clique aqui<\/a> e acesse o texto do projeto na integra<\/p>\n\n\n\n<p>Autografo de lei n 670\/2025 <a href=\"https:\/\/camarasantafedegoias.go.gov.br\/site\/wp-content\/uploads\/2025\/03\/Projeto_670.pdf\">clique aqui<\/a> e acesse o texto do projeto na integra<\/p>\n\n\n\n<p>Projeto de lei 669\/2025 <a href=\"https:\/\/camarasantafedegoias.go.gov.br\/site\/wp-content\/uploads\/2025\/03\/Projeto_lei_669.pdf\">clique aqui<\/a> e acesse o texto na \u00edntegra <\/p>\n\n\n\n<p>Projeto de lei 671\/2025 <a href=\"https:\/\/camarasantafedegoias.go.gov.br\/site\/wp-content\/uploads\/2025\/03\/Projeto_lei_671.pdf\">clique aqui<\/a> e acesse o texto na \u00edntegra <\/p>\n\n\n\n<p>Projeto de legislativo 01\/2025 <a href=\"https:\/\/camarasantafedegoias.go.gov.br\/site\/wp-content\/uploads\/2025\/04\/Projeto_legislativo_001_2025.pdf\">clique aqui<\/a> e acesse o texto na \u00edntegra<\/p>\n\n\n\n<p>Projeto de lei 672\/2025 <a href=\"https:\/\/camarasantafedegoias.go.gov.br\/site\/wp-content\/uploads\/2025\/04\/Projeto_672_2025.pdf\">clique aqui<\/a> e acesse o texto na \u00edntegra<\/p>\n\n\n\n<p>Projeto de lei 673\/2025 <a href=\"https:\/\/camarasantafedegoias.go.gov.br\/site\/wp-content\/uploads\/2025\/04\/Projeto_673_2025.pdf\">clique aqui<\/a> e acesse o texto na \u00edntegra<\/p>\n\n\n\n<p>Projeto de lei 674\/2025 <a href=\"https:\/\/camarasantafedegoias.go.gov.br\/site\/wp-content\/uploads\/2025\/04\/Projeto_674_2025.pdf\">clique aqui<\/a> e acesse o texto na \u00edntegra<\/p>\n\n\n\n<p>Projeto de lei legislativo 002\/2025 <a href=\"https:\/\/camarasantafedegoias.go.gov.br\/site\/wp-content\/uploads\/2025\/05\/PROJETO_LEI_002.pdf\">clique aqui<\/a> e acesse o texto na \u00edntegra <\/p>\n\n\n\n<p>Projeto de lei 677\/2025 <a href=\"https:\/\/camarasantafedegoias.go.gov.br\/site\/wp-content\/uploads\/2025\/05\/Projeto_677.pdf\">clique aqui<\/a> e acesse o texto na \u00edntegra <\/p>\n\n\n\n<p>Projeto de lei legislativo 003\/2025 <a href=\"https:\/\/camarasantafedegoias.go.gov.br\/site\/wp-content\/uploads\/2025\/09\/Projeto_legislativo_003_2025.pdf\">clique aqui<\/a> e acesse o texto na \u00edntegra<\/p>\n\n\n\n<p>Projeto de lei legislativo 004\/2025 <a href=\"https:\/\/camarasantafedegoias.go.gov.br\/site\/wp-content\/uploads\/2025\/09\/Projeto_legislativo_004_2025.pdf\">clique aqui<\/a> e acesse o texto na \u00edntegra<\/p>\n\n\n\n<p>Projeto de lei 675\/2025 <a href=\"https:\/\/camarasantafedegoias.go.gov.br\/site\/wp-content\/uploads\/2025\/09\/Projeto_675.pdf\">clique aqui <\/a>e acesse o texto na \u00edntegra<\/p>\n\n\n\n<p>Projeto de lei  reprovado 678\/2025 <a href=\"https:\/\/camarasantafedegoias.go.gov.br\/site\/wp-content\/uploads\/2025\/09\/Projeto678_reprovado.pdf\">clique aqui<\/a> e acesse o texto na \u00edntegra<\/p>\n\n\n\n<p>Projeto de lei 681\/2025 <a href=\"https:\/\/camarasantafedegoias.go.gov.br\/site\/wp-content\/uploads\/2025\/09\/Veto_projeto_681.pdf\">clique aqui<\/a> e acesse o texto na \u00edntegra<\/p>\n\n\n\n<p>Projeto de lei 682\/2025 <a href=\"https:\/\/camarasantafedegoias.go.gov.br\/site\/wp-content\/uploads\/2025\/09\/projeto_lei_682_2025.pdf\">clique aqui<\/a> e acesse o texto na \u00edntegra<\/p>\n\n\n\n<p>Projeto de lei 692\/2025 <a href=\"https:\/\/camarasantafedegoias.go.gov.br\/site\/wp-content\/uploads\/2025\/09\/Projeto_lei_692.pdf\">clique aqui<\/a> e acesse o texto na \u00edntegra<\/p>\n\n\n\n<p>Projeto de lei 697\/2025 <a href=\"https:\/\/camarasantafedegoias.go.gov.br\/site\/wp-content\/uploads\/2025\/11\/Projeto_697.pdf\">clique aqui<\/a> e acesse o texto na \u00edntegra<\/p>\n\n\n\n<p>Projeto de lei 698\/2025 <a href=\"https:\/\/camarasantafedegoias.go.gov.br\/site\/wp-content\/uploads\/2025\/11\/projeto_698.pdf\">clique aqui<\/a> e acesse o texto na \u00edntegra<\/p>\n\n\n\n<p>Projeto de lei 690\/2025 <a href=\"https:\/\/camarasantafedegoias.go.gov.br\/site\/wp-content\/uploads\/2025\/12\/Projeto_690_emenda_autografo.pdf\">clique aqui<\/a> e acesse o texto na \u00edntegra<\/p>\n\n\n\n<p>Projeto de lei 691\/2025 <a href=\"https:\/\/camarasantafedegoias.go.gov.br\/site\/wp-content\/uploads\/2025\/12\/Projeto-691_autografo.pdf\">clique aqui<\/a> e acesse o texto na \u00edntegra<\/p>\n\n\n\n<p>Autografo de lei n 690\/2025 <a href=\"https:\/\/camarasantafedegoias.go.gov.br\/site\/wp-content\/uploads\/2025\/12\/Projeto_690_emenda_autografo.pdf\">clique aqui<\/a> e acesse o texto do projeto na integra<\/p>\n\n\n\n<p>Projeto de lei 690\/2025 emenda <a href=\"https:\/\/camarasantafedegoias.go.gov.br\/site\/wp-content\/uploads\/2025\/12\/Projeto_690_emenda_autografo.pdf\">clique aqui<\/a> e acesse o texto na \u00edntegra<\/p>\n\n\n\n<p>Projeto de lei 699\/2025 emenda <a href=\"https:\/\/camarasantafedegoias.go.gov.br\/site\/wp-content\/uploads\/2025\/12\/Projeto_699_emenda.pdf\" data-type=\"link\" data-id=\"https:\/\/camarasantafedegoias.go.gov.br\/site\/wp-content\/uploads\/2025\/12\/Projeto_699_emenda.pdf\">clique aqui<\/a> e acesse o texto na \u00edntegra<\/p>\n\n\n\n<p>Projeto de lei 699\/2025 emenda aditiva 001\/2025 <a href=\"https:\/\/camarasantafedegoias.go.gov.br\/site\/wp-content\/uploads\/2025\/12\/Emenda_001_2025.pdf\">clique aqui<\/a> e acesse o texto na \u00edntegra<\/p>\n\n\n\n<p>Projeto de lei 696\/2025 emenda aditiva 001\/2026 <a href=\"https:\/\/camarasantafedegoias.go.gov.br\/site\/wp-content\/uploads\/2026\/03\/Emenda_aditiva_001_2026.pdf\">clique aqui<\/a> e acesse o texto na \u00edntegra<\/p>\n\n\n\n<p>Projeto de lei 709\/2026 <a href=\"https:\/\/camarasantafedegoias.go.gov.br\/site\/wp-content\/uploads\/2026\/04\/Projeto_lei_709.pdf\">clique aqui<\/a> e acesse o texto na \u00edntegra<\/p>\n\n\n\n<p>Veto projeto de lei 001\/2026 <a href=\"https:\/\/camarasantafedegoias.go.gov.br\/site\/wp-content\/uploads\/2026\/04\/Veto_projeto_lei_001.pdf\">clique aqui<\/a> e acesse o texto na \u00edntegra<\/p>\n\n\n\n<p>Veto projeto de lei 002\/2026 <a href=\"https:\/\/camarasantafedegoias.go.gov.br\/site\/wp-content\/uploads\/2026\/04\/Veto-Projeto-de-Lei-002.pdf\">clique aqui<\/a> e acesse o texto na \u00edntegra<\/p>\n\n\n\n<p>Veto projeto de lei 003\/2026 <a href=\"https:\/\/camarasantafedegoias.go.gov.br\/site\/wp-content\/uploads\/2026\/04\/Veto-Projeto-de-Lei-003.pdf\">clique aqui<\/a> e acesse o texto na \u00edntegra<\/p>\n\n\n\n<p>Veto projeto de lei 004\/2026 <a href=\"https:\/\/camarasantafedegoias.go.gov.br\/site\/wp-content\/uploads\/2026\/04\/Veto-Projeto-de-Lei-004.pdf\">clique aqui<\/a> e acesse o texto na \u00edntegra<\/p>\n\n\n\n<p>Vetor emenda aditiva 001\/2026 <a href=\"https:\/\/camarasantafedegoias.go.gov.br\/site\/wp-content\/uploads\/2026\/04\/Veto_emenda_aditiva_001.pdf\">clique aqui<\/a> e acesse o texto da \u00edntegra <\/p>\n<\/div><\/div>","protected":false},"excerpt":{"rendered":"<p>Projeto de lei 643\/2024 disp\u00f5e sobre recolhimento de entulhos de d\u00e1 outras provid\u00eancias, acesse o..<\/p>\n","protected":false},"author":1,"featured_media":0,"parent":0,"menu_order":0,"comment_status":"closed","ping_status":"closed","template":"","meta":{"footnotes":""},"class_list":["post-1144","page","type-page","status-publish","hentry"],"_links":{"self":[{"href":"https:\/\/camarasantafedegoias.go.gov.br\/site\/wp-json\/wp\/v2\/pages\/1144","targetHints":{"allow":["GET"]}}],"collection":[{"href":"https:\/\/camarasantafedegoias.go.gov.br\/site\/wp-json\/wp\/v2\/pages"}],"about":[{"href":"https:\/\/camarasantafedegoias.go.gov.br\/site\/wp-json\/wp\/v2\/types\/page"}],"author":[{"embeddable":true,"href":"https:\/\/camarasantafedegoias.go.gov.br\/site\/wp-json\/wp\/v2\/users\/1"}],"replies":[{"embeddable":true,"href":"https:\/\/camarasantafedegoias.go.gov.br\/site\/wp-json\/wp\/v2\/comments?post=1144"}],"version-history":[{"count":29,"href":"https:\/\/camarasantafedegoias.go.gov.br\/site\/wp-json\/wp\/v2\/pages\/1144\/revisions"}],"predecessor-version":[{"id":1931,"href":"https:\/\/camarasantafedegoias.go.gov.br\/site\/wp-json\/wp\/v2\/pages\/1144\/revisions\/1931"}],"wp:attachment":[{"href":"https:\/\/camarasantafedegoias.go.gov.br\/site\/wp-json\/wp\/v2\/media?parent=1144"}],"curies":[{"name":"wp","href":"https:\/\/api.w.org\/{rel}","templated":true}]}}